{"id":168,"date":"2020-06-15T17:10:32","date_gmt":"2020-06-15T16:10:32","guid":{"rendered":"http:\/\/igbce-penzberg.de\/?page_id=168"},"modified":"2020-06-15T22:50:44","modified_gmt":"2020-06-15T21:50:44","slug":"gut-zu-wissen","status":"publish","type":"page","link":"https:\/\/www.igbce-penzberg.de\/?page_id=168","title":{"rendered":"Gut zu Wissen"},"content":{"rendered":"\n<div class=\"wp-block-group is-layout-flow wp-block-group-is-layout-flow\"><div class=\"wp-block-group__inner-container\"><\/div><\/div>\n\n\n\n<div class=\"wp-block-group\"><div class=\"wp-block-group__inner-container is-layout-flow wp-block-group-is-layout-flow\">\n<h3 class=\"wp-block-heading\">Die Gewerkschaft &#8211; &#8222;Das unbekannte Wesen&#8220;<\/h3>\n\n\n\n<p>Hier finden Mitglieder und solche die es werden wollen, Suchende und einfach nur Interessierte die Rubrik, die sie weiterbringen k\u00f6nnte.<\/p>\n\n\n\n<p>&#8222;Gut zu wissen&#8220; ist ein Lexikon, wo wir die Themen der Gewerkschaft in anschaulich und (hoffentlich) verst\u00e4ndlichen S\u00e4tzen beschreiben werden.<\/p>\n\n\n\n<p>Die Seiten sind jetzt noch \u00fcbersichtlich, doch im Laufe der Zeit werden sie mehr und mehr und \u2026\u2026<\/p>\n\n\n\n<p>Dabei kann uns jeder helfen, der ein Thema sucht und nicht findet aber auch der, der sich in einem Thema auskennt und dieses hier beschreiben m\u00f6chte!<\/p>\n<\/div><\/div>\n\n\n\n<figure class=\"wp-block-table\"><table><tbody><tr><td><a href=\"http:\/\/igbce-penzberg.de\/?p=206\"><strong>Was ist die IGBCE?<\/strong><\/a><\/td><\/tr><tr><td><a href=\"http:\/\/igbce-penzberg.de\/?p=211\"><strong>Was passiert mit meinem Mitgliedsbeitrag?<\/strong><\/a><\/td><\/tr><tr><td><strong><a href=\"http:\/\/igbce-penzberg.de\/?p=216\">Die Vertrauensleute<\/a><\/strong><\/td><\/tr><tr><td><a href=\"http:\/\/igbce-penzberg.de\/?p=218\"><strong>Was sind Vertrauensleute?<\/strong><\/a><\/td><\/tr><tr><td><a href=\"http:\/\/igbce-penzberg.de\/?p=220\"><strong>Wozu sind Vertrauensleute da?<\/strong><\/a><\/td><\/tr><tr><td><strong><a href=\"http:\/\/igbce-penzberg.de\/?p=222\">Gibt es bei uns im Betrieb Vertrauensleute?<\/a><\/strong><\/td><\/tr><tr><td><strong><a href=\"http:\/\/igbce-penzberg.de\/?p=224\">Wir haben doch einen Betriebsrat, wozu braucht es dann noch einen Vertrauensk\u00f6rper?<\/a><\/strong><\/td><\/tr><tr><td><strong><a href=\"http:\/\/igbce-penzberg.de\/?p=226\">Wie wird man Vertrauensmann\/frau?<\/a><\/strong><\/td><\/tr><tr><td><strong><a href=\"http:\/\/igbce-penzberg.de\/?p=228\">Und was macht man so als Vertrauensmann\/frau?<\/a><\/strong><\/td><\/tr><tr><td><strong><a href=\"http:\/\/igbce-penzberg.de\/?p=230\">Das 1\u00d71 der Tarifvertr\u00e4ge<\/a><\/strong><\/td><\/tr><tr><td><strong><a href=\"http:\/\/igbce-penzberg.de\/?p=232\">Was ist ein Tarifvertrag und gilt er f\u00fcr alle Arbeitnehmer in einem Betrieb?<\/a><\/strong><\/td><\/tr><tr><td><strong><a href=\"http:\/\/igbce-penzberg.de\/?p=234\">Ist das nicht alles gesetzlich geregelt?<\/a><\/strong><\/td><\/tr><tr><td><strong><a href=\"http:\/\/igbce-penzberg.de\/?p=236\">Was ist in Tarifvertr\u00e4gen geregelt?<\/a><\/strong><\/td><\/tr><tr><td><strong><a href=\"http:\/\/igbce-penzberg.de\/?p=238\">Warum d\u00fcrfen Gewerkschaften Tarifvertr\u00e4ge abschlie\u00dfen?<\/a><\/strong><\/td><\/tr><tr><td><strong><a href=\"http:\/\/igbce-penzberg.de\/?p=240\">Warum brauchen wir Tarifvertr\u00e4ge?<\/a><\/strong><\/td><\/tr><tr><td><strong><a href=\"http:\/\/igbce-penzberg.de\/?p=242\">Welche Tarifvertr\u00e4ge gibt es?<\/a><\/strong><\/td><\/tr><tr><td><strong><a href=\"http:\/\/igbce-penzberg.de\/?p=244\">Die wichtigsten Regelungen<\/a><\/strong><\/td><\/tr><tr><td><strong><a href=\"http:\/\/igbce-penzberg.de\/?p=246\">Wie kommt ein Tarifvertrag zustande?<\/a><\/strong><\/td><\/tr><tr><td><strong><a href=\"http:\/\/igbce-penzberg.de\/?p=250\">Woher wissen die Gewerkschaften, \u00fcber was sie verhandeln sollen?<\/a><\/strong><\/td><\/tr><tr><td><strong><a href=\"http:\/\/igbce-penzberg.de\/?p=252\">Wovon h\u00e4ngt der Erfolg von Tarifverhandlungen ab?<\/a><\/strong><\/td><\/tr><tr><td><strong><a href=\"http:\/\/igbce-penzberg.de\/?p=254\">Was passiert, wenn ein Arbeitgeber nicht verhandeln will?<\/a><\/strong><\/td><\/tr><tr><td><\/td><\/tr><\/tbody><\/table><\/figure>\n","protected":false},"excerpt":{"rendered":"<p>Die Gewerkschaft &#8211; &#8222;Das unbekannte Wesen&#8220; Hier finden Mitglieder und solche die es werden wollen, Suchende und einfach nur Interessierte die Rubrik, die sie weiterbringen k\u00f6nnte. &#8222;Gut zu wissen&#8220; ist ein Lexikon, wo wir die Themen der Gewerkschaft in anschaulich und (hoffentlich) verst\u00e4ndlichen S\u00e4tzen beschreiben werden. Die Seiten sind jetzt noch \u00fcbersichtlich, doch im Laufe der Zeit werden sie mehr und mehr und \u2026\u2026 Dabei kann uns jeder helfen, der ein Thema sucht und nicht findet aber auch der, der sich in einem Thema auskennt und dieses hier beschreiben m\u00f6chte! Was ist die IGBCE? Was passiert mit meinem Mitgliedsbeitrag? Die Vertrauensleute Was sind Vertrauensleute? Wozu sind Vertrauensleute da? Gibt es bei uns im Betrieb Vertrauensleute? Wir haben doch einen Betriebsrat, wozu braucht es dann noch einen Vertrauensk\u00f6rper? Wie wird man Vertrauensmann\/frau? Und was macht man so als Vertrauensmann\/frau? Das 1\u00d71 der Tarifvertr\u00e4ge Was ist ein Tarifvertrag und gilt er f\u00fcr alle Arbeitnehmer in einem Betrieb? Ist das nicht alles gesetzlich geregelt? Was ist in Tarifvertr\u00e4gen geregelt? Warum d\u00fcrfen Gewerkschaften Tarifvertr\u00e4ge abschlie\u00dfen? Warum brauchen wir Tarifvertr\u00e4ge? Welche Tarifvertr\u00e4ge gibt es? Die wichtigsten Regelungen Wie kommt ein Tarifvertrag zustande? Woher wissen die Gewerkschaften, \u00fcber was sie verhandeln sollen? Wovon h\u00e4ngt der Erfolg von Tarifverhandlungen ab? Was passiert, wenn ein Arbeitgeber nicht verhandeln will?<\/p>\n","protected":false},"author":1,"featured_media":0,"parent":0,"menu_order":0,"comment_status":"closed","ping_status":"closed","template":"","meta":{"footnotes":""},"class_list":["post-168","page","type-page","status-publish","hentry"],"acf":[],"_links":{"self":[{"href":"https:\/\/www.igbce-penzberg.de\/index.php?rest_route=\/wp\/v2\/pages\/168","targetHints":{"allow":["GET"]}}],"collection":[{"href":"https:\/\/www.igbce-penzberg.de\/index.php?rest_route=\/wp\/v2\/pages"}],"about":[{"href":"https:\/\/www.igbce-penzberg.de\/index.php?rest_route=\/wp\/v2\/types\/page"}],"author":[{"embeddable":true,"href":"https:\/\/www.igbce-penzberg.de\/index.php?rest_route=\/wp\/v2\/users\/1"}],"replies":[{"embeddable":true,"href":"https:\/\/www.igbce-penzberg.de\/index.php?rest_route=%2Fwp%2Fv2%2Fcomments&post=168"}],"version-history":[{"count":7,"href":"https:\/\/www.igbce-penzberg.de\/index.php?rest_route=\/wp\/v2\/pages\/168\/revisions"}],"predecessor-version":[{"id":345,"href":"https:\/\/www.igbce-penzberg.de\/index.php?rest_route=\/wp\/v2\/pages\/168\/revisions\/345"}],"wp:attachment":[{"href":"https:\/\/www.igbce-penzberg.de\/index.php?rest_route=%2Fwp%2Fv2%2Fmedia&parent=168"}],"curies":[{"name":"wp","href":"https:\/\/api.w.org\/{rel}","templated":true}]}}